{"id":3868,"date":"2024-10-26T07:03:36","date_gmt":"2024-10-26T12:03:36","guid":{"rendered":"https:\/\/medconnectlatam.com\/?page_id=3868"},"modified":"2024-12-19T01:02:40","modified_gmt":"2024-12-19T06:02:40","slug":"procedimientos-fertilidad","status":"publish","type":"page","link":"http:\/\/medconnectlatam.com\/es\/procedimientos-fertilidad\/","title":{"rendered":"Procedimientos Fertilidad"},"content":{"rendered":"\t\t<div data-elementor-type=\"wp-page\" data-elementor-id=\"3868\" class=\"elementor elementor-3868\" data-elementor-post-type=\"page\">\n\t\t\t\t<div class=\"elementor-element elementor-element-8a96cf4 e-flex e-con-boxed e-con e-parent\" data-id=\"8a96cf4\" data-element_type=\"container\" data-settings=\"{&quot;background_background&quot;:&quot;classic&quot;}\">\n\t\t\t\t\t<div class=\"e-con-inner\">\n\t\t<div class=\"elementor-element elementor-element-db20e4c e-con-full e-flex e-con e-child\" data-id=\"db20e4c\" data-element_type=\"container\">\n\t\t\t\t<div class=\"elementor-element elementor-element-267082b elementor-widget elementor-widget-heading\" data-id=\"267082b\" data-element_type=\"widget\" data-widget_type=\"heading.default\">\n\t\t\t\t<div class=\"elementor-widget-container\">\n\t\t\t\t\t<h1 class=\"elementor-heading-title elementor-size-default\">Fertilidad<\/h1>\t\t\t\t<\/div>\n\t\t\t\t<\/div>\n\t\t\t\t<div class=\"elementor-element elementor-element-fd6f551 elementor-widget elementor-widget-text-editor\" data-id=\"fd6f551\" data-element_type=\"widget\" data-widget_type=\"text-editor.default\">\n\t\t\t\t<div class=\"elementor-widget-container\">\n\t\t\t\t\t\t\t\t\t<p>MedConnect Latam ofrece servicios de fertilidad como Fertilizaci\u00f3n In Vitro (FIV), inseminaci\u00f3n intrauterina (IUI) y congelaci\u00f3n de \u00f3vulos. Conectamos a los pacientes con m\u00e9dicos especializados en Colombia, coordinamos las citas y nos encargamos de la log\u00edstica completa del viaje, asegurando una experiencia segura y personalizada.<\/p>\t\t\t\t\t\t\t\t<\/div>\n\t\t\t\t<\/div>\n\t\t\t\t<\/div>\n\t\t\t\t\t<\/div>\n\t\t\t\t<\/div>\n\t\t<div class=\"elementor-element elementor-element-502383c e-flex e-con-boxed e-con e-parent\" data-id=\"502383c\" data-element_type=\"container\">\n\t\t\t\t\t<div class=\"e-con-inner\">\n\t\t<div class=\"elementor-element elementor-element-9b6e15d e-con-full e-flex e-con e-child\" data-id=\"9b6e15d\" data-element_type=\"container\">\n\t\t\t\t<div class=\"elementor-element elementor-element-7c9e8bc elementor-widget elementor-widget-image\" data-id=\"7c9e8bc\" data-element_type=\"widget\" data-widget_type=\"image.default\">\n\t\t\t\t<div class=\"elementor-widget-container\">\n\t\t\t\t\t\t\t\t\t\t\t\t\t\t\t<img fetchpriority=\"high\" decoding=\"async\" width=\"700\" height=\"700\" src=\"https:\/\/medconnectlatam.com\/wp-content\/uploads\/2024\/10\/In-Vitro-Fertilization.png\" class=\"attachment-large size-large wp-image-3923\" alt=\"\" srcset=\"https:\/\/medconnectlatam.com\/wp-content\/uploads\/2024\/10\/In-Vitro-Fertilization.png 700w, https:\/\/medconnectlatam.com\/wp-content\/uploads\/2024\/10\/In-Vitro-Fertilization-300x300.png 300w, https:\/\/medconnectlatam.com\/wp-content\/uploads\/2024\/10\/In-Vitro-Fertilization-150x150.png 150w\" sizes=\"(max-width: 700px) 100vw, 700px\" title=\"\">\t\t\t\t\t\t\t\t\t\t\t\t\t\t\t<\/div>\n\t\t\t\t<\/div>\n\t\t\t\t<\/div>\n\t\t<div class=\"elementor-element elementor-element-c43ada1 e-con-full e-flex e-con e-child\" data-id=\"c43ada1\" data-element_type=\"container\">\n\t\t\t\t<div class=\"elementor-element elementor-element-afa779a elementor-widget elementor-widget-heading\" data-id=\"afa779a\" data-element_type=\"widget\" data-widget_type=\"heading.default\">\n\t\t\t\t<div class=\"elementor-widget-container\">\n\t\t\t\t\t<h2 class=\"elementor-heading-title elementor-size-default\">Fertilizaci\u00f3n in vitro(IVF) <\/h2>\t\t\t\t<\/div>\n\t\t\t\t<\/div>\n\t\t\t\t<div class=\"elementor-element elementor-element-462214a elementor-widget elementor-widget-text-editor\" data-id=\"462214a\" data-element_type=\"widget\" data-widget_type=\"text-editor.default\">\n\t\t\t\t<div class=\"elementor-widget-container\">\n\t\t\t\t\t\t\t\t\t<p>La fertilizaci\u00f3n in vitro (FIV) es un tratamiento avanzado de reproducci\u00f3n asistida que ayuda a parejas con dificultades para concebir. El proceso implica la uni\u00f3n del \u00f3vulo y el espermatozoide en un laboratorio para luego transferir el embri\u00f3n al \u00fatero, aumentando las posibilidades de un embarazo exitoso.<\/p>\t\t\t\t\t\t\t\t<\/div>\n\t\t\t\t<\/div>\n\t\t\t\t<div class=\"elementor-element elementor-element-2c970ac elementor-widget elementor-widget-button\" data-id=\"2c970ac\" data-element_type=\"widget\" data-widget_type=\"button.default\">\n\t\t\t\t<div class=\"elementor-widget-container\">\n\t\t\t\t\t\t\t\t\t<div class=\"elementor-button-wrapper\">\n\t\t\t\t\t<a class=\"elementor-button elementor-button-link elementor-size-sm elementor-animation-grow\" href=\"https:\/\/medconnectlatam.com\/procedimientos-fertilidad\/fertilizacion-in-vitro-en-colombia\">\n\t\t\t\t\t\t<span class=\"elementor-button-content-wrapper\">\n\t\t\t\t\t\t\t\t\t<span class=\"elementor-button-text\">Concocer m\u00e1s<\/span>\n\t\t\t\t\t<\/span>\n\t\t\t\t\t<\/a>\n\t\t\t\t<\/div>\n\t\t\t\t\t\t\t\t<\/div>\n\t\t\t\t<\/div>\n\t\t\t\t<div class=\"elementor-element elementor-element-ba670a2 elementor-widget elementor-widget-button\" data-id=\"ba670a2\" data-element_type=\"widget\" data-widget_type=\"button.default\">\n\t\t\t\t<div class=\"elementor-widget-container\">\n\t\t\t\t\t\t\t\t\t<div class=\"elementor-button-wrapper\">\n\t\t\t\t\t<a class=\"elementor-button elementor-button-link elementor-size-sm elementor-animation-grow\" href=\"https:\/\/wa.link\/sqd7fm\" target=\"_blank\" rel=\"noopener\">\n\t\t\t\t\t\t<span class=\"elementor-button-content-wrapper\">\n\t\t\t\t\t\t\t\t\t<span class=\"elementor-button-text\">Agenda una llamada<\/span>\n\t\t\t\t\t<\/span>\n\t\t\t\t\t<\/a>\n\t\t\t\t<\/div>\n\t\t\t\t\t\t\t\t<\/div>\n\t\t\t\t<\/div>\n\t\t\t\t<\/div>\n\t\t\t\t\t<\/div>\n\t\t\t\t<\/div>\n\t\t<div class=\"elementor-element elementor-element-67cb259 e-flex e-con-boxed e-con e-parent\" data-id=\"67cb259\" data-element_type=\"container\">\n\t\t\t\t\t<div class=\"e-con-inner\">\n\t\t<div class=\"elementor-element elementor-element-6d6264f e-con-full e-flex e-con e-child\" data-id=\"6d6264f\" data-element_type=\"container\">\n\t\t\t\t<div class=\"elementor-element elementor-element-7d7862c elementor-widget elementor-widget-heading\" data-id=\"7d7862c\" data-element_type=\"widget\" data-widget_type=\"heading.default\">\n\t\t\t\t<div class=\"elementor-widget-container\">\n\t\t\t\t\t<h2 class=\"elementor-heading-title elementor-size-default\">Inseminaci\u00f3n Intrauterina (IUI)<\/h2>\t\t\t\t<\/div>\n\t\t\t\t<\/div>\n\t\t\t\t<div class=\"elementor-element elementor-element-cdea89b elementor-widget elementor-widget-text-editor\" data-id=\"cdea89b\" data-element_type=\"widget\" data-widget_type=\"text-editor.default\">\n\t\t\t\t<div class=\"elementor-widget-container\">\n\t\t\t\t\t\t\t\t\t<p>La inseminaci\u00f3n intrauterina (IUI) es un tratamiento de fertilidad en el que se introduce esperma directamente en el \u00fatero durante el per\u00edodo de ovulaci\u00f3n, facilitando la fecundaci\u00f3n. Es una opci\u00f3n menos invasiva y suele recomendarse para parejas con dificultades leves para concebir.<\/p>\t\t\t\t\t\t\t\t<\/div>\n\t\t\t\t<\/div>\n\t\t\t\t<div class=\"elementor-element elementor-element-987fc07 elementor-widget elementor-widget-button\" data-id=\"987fc07\" data-element_type=\"widget\" data-widget_type=\"button.default\">\n\t\t\t\t<div class=\"elementor-widget-container\">\n\t\t\t\t\t\t\t\t\t<div class=\"elementor-button-wrapper\">\n\t\t\t\t\t<a class=\"elementor-button elementor-button-link elementor-size-sm elementor-animation-grow\" href=\"https:\/\/medconnectlatam.com\/procedimientos-fertilidad\/inseminacion-intrauterina-iui-en-colombia\/\">\n\t\t\t\t\t\t<span class=\"elementor-button-content-wrapper\">\n\t\t\t\t\t\t\t\t\t<span class=\"elementor-button-text\">Conocer m\u00e1s<\/span>\n\t\t\t\t\t<\/span>\n\t\t\t\t\t<\/a>\n\t\t\t\t<\/div>\n\t\t\t\t\t\t\t\t<\/div>\n\t\t\t\t<\/div>\n\t\t\t\t<div class=\"elementor-element elementor-element-45eb921 elementor-widget elementor-widget-button\" data-id=\"45eb921\" data-element_type=\"widget\" data-widget_type=\"button.default\">\n\t\t\t\t<div class=\"elementor-widget-container\">\n\t\t\t\t\t\t\t\t\t<div class=\"elementor-button-wrapper\">\n\t\t\t\t\t<a class=\"elementor-button elementor-button-link elementor-size-sm elementor-animation-grow\" href=\"https:\/\/wa.link\/sqd7fm\" target=\"_blank\" rel=\"noopener\">\n\t\t\t\t\t\t<span class=\"elementor-button-content-wrapper\">\n\t\t\t\t\t\t\t\t\t<span class=\"elementor-button-text\">Agenda una llamada<\/span>\n\t\t\t\t\t<\/span>\n\t\t\t\t\t<\/a>\n\t\t\t\t<\/div>\n\t\t\t\t\t\t\t\t<\/div>\n\t\t\t\t<\/div>\n\t\t\t\t<\/div>\n\t\t<div class=\"elementor-element elementor-element-74316ff e-con-full e-flex e-con e-child\" data-id=\"74316ff\" data-element_type=\"container\">\n\t\t\t\t<div class=\"elementor-element elementor-element-ea70f55 elementor-widget elementor-widget-image\" data-id=\"ea70f55\" data-element_type=\"widget\" data-widget_type=\"image.default\">\n\t\t\t\t<div class=\"elementor-widget-container\">\n\t\t\t\t\t\t\t\t\t\t\t\t\t\t\t<img decoding=\"async\" width=\"700\" height=\"700\" src=\"https:\/\/medconnectlatam.com\/wp-content\/uploads\/2024\/10\/Inseminacion-Intrauterina.png\" class=\"attachment-large size-large wp-image-3924\" alt=\"\" srcset=\"https:\/\/medconnectlatam.com\/wp-content\/uploads\/2024\/10\/Inseminacion-Intrauterina.png 700w, https:\/\/medconnectlatam.com\/wp-content\/uploads\/2024\/10\/Inseminacion-Intrauterina-300x300.png 300w, https:\/\/medconnectlatam.com\/wp-content\/uploads\/2024\/10\/Inseminacion-Intrauterina-150x150.png 150w\" sizes=\"(max-width: 700px) 100vw, 700px\" title=\"\">\t\t\t\t\t\t\t\t\t\t\t\t\t\t\t<\/div>\n\t\t\t\t<\/div>\n\t\t\t\t<\/div>\n\t\t\t\t\t<\/div>\n\t\t\t\t<\/div>\n\t\t<div class=\"elementor-element elementor-element-61ad105 e-flex e-con-boxed e-con e-parent\" data-id=\"61ad105\" data-element_type=\"container\">\n\t\t\t\t\t<div class=\"e-con-inner\">\n\t\t<div class=\"elementor-element elementor-element-f34d3ff e-con-full e-flex e-con e-child\" data-id=\"f34d3ff\" data-element_type=\"container\">\n\t\t\t\t<div class=\"elementor-element elementor-element-42a2cad elementor-widget elementor-widget-image\" data-id=\"42a2cad\" data-element_type=\"widget\" data-widget_type=\"image.default\">\n\t\t\t\t<div class=\"elementor-widget-container\">\n\t\t\t\t\t\t\t\t\t\t\t\t\t\t\t<img decoding=\"async\" width=\"700\" height=\"700\" src=\"https:\/\/medconnectlatam.com\/wp-content\/uploads\/2024\/10\/Congelacion-de-ovulos.png\" class=\"attachment-large size-large wp-image-3921\" alt=\"\" srcset=\"https:\/\/medconnectlatam.com\/wp-content\/uploads\/2024\/10\/Congelacion-de-ovulos.png 700w, https:\/\/medconnectlatam.com\/wp-content\/uploads\/2024\/10\/Congelacion-de-ovulos-300x300.png 300w, https:\/\/medconnectlatam.com\/wp-content\/uploads\/2024\/10\/Congelacion-de-ovulos-150x150.png 150w\" sizes=\"(max-width: 700px) 100vw, 700px\" title=\"\">\t\t\t\t\t\t\t\t\t\t\t\t\t\t\t<\/div>\n\t\t\t\t<\/div>\n\t\t\t\t<\/div>\n\t\t<div class=\"elementor-element elementor-element-993fdc1 e-con-full e-flex e-con e-child\" data-id=\"993fdc1\" data-element_type=\"container\">\n\t\t\t\t<div class=\"elementor-element elementor-element-065cc4d elementor-widget elementor-widget-heading\" data-id=\"065cc4d\" data-element_type=\"widget\" data-widget_type=\"heading.default\">\n\t\t\t\t<div class=\"elementor-widget-container\">\n\t\t\t\t\t<h2 class=\"elementor-heading-title elementor-size-default\">Congelaci\u00f3n de \u00f3vulos<\/h2>\t\t\t\t<\/div>\n\t\t\t\t<\/div>\n\t\t\t\t<div class=\"elementor-element elementor-element-fbdfb8c elementor-widget elementor-widget-text-editor\" data-id=\"fbdfb8c\" data-element_type=\"widget\" data-widget_type=\"text-editor.default\">\n\t\t\t\t<div class=\"elementor-widget-container\">\n\t\t\t\t\t\t\t\t\t<p>La congelaci\u00f3n de \u00f3vulos es un proceso en el que los \u00f3vulos de una mujer se extraen, se congelan y se almacenan para su uso futuro. Es una opci\u00f3n ideal para preservar la fertilidad en mujeres que desean retrasar la maternidad o que enfrentan condiciones m\u00e9dicas que podr\u00edan afectar su capacidad de concebir m\u00e1s adelante.<\/p>\t\t\t\t\t\t\t\t<\/div>\n\t\t\t\t<\/div>\n\t\t<div class=\"elementor-element elementor-element-f085b79 e-con-full e-flex e-con e-child\" data-id=\"f085b79\" data-element_type=\"container\">\n\t\t\t\t<div class=\"elementor-element elementor-element-fcbe888 elementor-widget elementor-widget-button\" data-id=\"fcbe888\" data-element_type=\"widget\" data-widget_type=\"button.default\">\n\t\t\t\t<div class=\"elementor-widget-container\">\n\t\t\t\t\t\t\t\t\t<div class=\"elementor-button-wrapper\">\n\t\t\t\t\t<a class=\"elementor-button elementor-button-link elementor-size-sm elementor-animation-grow\" href=\"https:\/\/medconnectlatam.com\/fertilidad-embarazo-congelacionovulos\/\">\n\t\t\t\t\t\t<span class=\"elementor-button-content-wrapper\">\n\t\t\t\t\t\t\t\t\t<span class=\"elementor-button-text\">Conocer m\u00e1s<\/span>\n\t\t\t\t\t<\/span>\n\t\t\t\t\t<\/a>\n\t\t\t\t<\/div>\n\t\t\t\t\t\t\t\t<\/div>\n\t\t\t\t<\/div>\n\t\t\t\t<div class=\"elementor-element elementor-element-b883b98 elementor-widget elementor-widget-button\" data-id=\"b883b98\" data-element_type=\"widget\" data-widget_type=\"button.default\">\n\t\t\t\t<div class=\"elementor-widget-container\">\n\t\t\t\t\t\t\t\t\t<div class=\"elementor-button-wrapper\">\n\t\t\t\t\t<a class=\"elementor-button elementor-button-link elementor-size-sm elementor-animation-grow\" href=\"https:\/\/wa.link\/sqd7fm\" target=\"_blank\" rel=\"noopener\">\n\t\t\t\t\t\t<span class=\"elementor-button-content-wrapper\">\n\t\t\t\t\t\t\t\t\t<span class=\"elementor-button-text\">Agenda una llamada<\/span>\n\t\t\t\t\t<\/span>\n\t\t\t\t\t<\/a>\n\t\t\t\t<\/div>\n\t\t\t\t\t\t\t\t<\/div>\n\t\t\t\t<\/div>\n\t\t\t\t<\/div>\n\t\t\t\t<\/div>\n\t\t\t\t\t<\/div>\n\t\t\t\t<\/div>\n\t\t<div class=\"elementor-element elementor-element-c9eb308 e-flex e-con-boxed e-con e-parent\" data-id=\"c9eb308\" data-element_type=\"container\">\n\t\t\t\t\t<div class=\"e-con-inner\">\n\t\t<div class=\"elementor-element elementor-element-e8653b6 e-con-full e-flex e-con e-child\" data-id=\"e8653b6\" data-element_type=\"container\">\n\t\t\t\t<div class=\"elementor-element elementor-element-8579cf4 elementor-widget elementor-widget-heading\" data-id=\"8579cf4\" data-element_type=\"widget\" data-widget_type=\"heading.default\">\n\t\t\t\t<div class=\"elementor-widget-container\">\n\t\t\t\t\t<h2 class=\"elementor-heading-title elementor-size-default\">Maternidad subrogada<\/h2>\t\t\t\t<\/div>\n\t\t\t\t<\/div>\n\t\t\t\t<div class=\"elementor-element elementor-element-fdcef32 elementor-widget elementor-widget-text-editor\" data-id=\"fdcef32\" data-element_type=\"widget\" data-widget_type=\"text-editor.default\">\n\t\t\t\t<div class=\"elementor-widget-container\">\n\t\t\t\t\t\t\t\t\t<p>La maternidad subrogada es un m\u00e9todo de reproducci\u00f3n asistida en el que una mujer, la madre subrogada, lleva un embarazo para otra persona o pareja que no puede concebir por s\u00ed misma. Este proceso puede involucrar la fecundaci\u00f3n con los \u00f3vulos y espermatozoides de los futuros padres o de donantes, y es una opci\u00f3n viable para quienes enfrentan dificultades para llevar un embarazo a t\u00e9rmino.<\/p>\t\t\t\t\t\t\t\t<\/div>\n\t\t\t\t<\/div>\n\t\t\t\t<div class=\"elementor-element elementor-element-8f8dcaa elementor-widget elementor-widget-button\" data-id=\"8f8dcaa\" data-element_type=\"widget\" data-widget_type=\"button.default\">\n\t\t\t\t<div class=\"elementor-widget-container\">\n\t\t\t\t\t\t\t\t\t<div class=\"elementor-button-wrapper\">\n\t\t\t\t\t<a class=\"elementor-button elementor-button-link elementor-size-sm elementor-animation-grow\" href=\"https:\/\/medconnectlatam.com\/procedimientos-fertilidad\/maternidad-subrogada-en-colombia\/\">\n\t\t\t\t\t\t<span class=\"elementor-button-content-wrapper\">\n\t\t\t\t\t\t\t\t\t<span class=\"elementor-button-text\">Conocer m\u00e1s<\/span>\n\t\t\t\t\t<\/span>\n\t\t\t\t\t<\/a>\n\t\t\t\t<\/div>\n\t\t\t\t\t\t\t\t<\/div>\n\t\t\t\t<\/div>\n\t\t\t\t<div class=\"elementor-element elementor-element-50f23e8 elementor-widget elementor-widget-button\" data-id=\"50f23e8\" data-element_type=\"widget\" data-widget_type=\"button.default\">\n\t\t\t\t<div class=\"elementor-widget-container\">\n\t\t\t\t\t\t\t\t\t<div class=\"elementor-button-wrapper\">\n\t\t\t\t\t<a class=\"elementor-button elementor-button-link elementor-size-sm elementor-animation-grow\" href=\"https:\/\/wa.link\/sqd7fm\" target=\"_blank\" rel=\"noopener\">\n\t\t\t\t\t\t<span class=\"elementor-button-content-wrapper\">\n\t\t\t\t\t\t\t\t\t<span class=\"elementor-button-text\">Agenda una llamada<\/span>\n\t\t\t\t\t<\/span>\n\t\t\t\t\t<\/a>\n\t\t\t\t<\/div>\n\t\t\t\t\t\t\t\t<\/div>\n\t\t\t\t<\/div>\n\t\t\t\t<\/div>\n\t\t<div class=\"elementor-element elementor-element-279c38b e-con-full e-flex e-con e-child\" data-id=\"279c38b\" data-element_type=\"container\">\n\t\t\t\t<div class=\"elementor-element elementor-element-4b89a02 elementor-widget elementor-widget-image\" data-id=\"4b89a02\" data-element_type=\"widget\" data-widget_type=\"image.default\">\n\t\t\t\t<div class=\"elementor-widget-container\">\n\t\t\t\t\t\t\t\t\t\t\t\t\t\t\t<img loading=\"lazy\" decoding=\"async\" width=\"700\" height=\"700\" src=\"https:\/\/medconnectlatam.com\/wp-content\/uploads\/2024\/10\/Maternidad-subrogada.png\" class=\"attachment-large size-large wp-image-3925\" alt=\"\" srcset=\"https:\/\/medconnectlatam.com\/wp-content\/uploads\/2024\/10\/Maternidad-subrogada.png 700w, https:\/\/medconnectlatam.com\/wp-content\/uploads\/2024\/10\/Maternidad-subrogada-300x300.png 300w, https:\/\/medconnectlatam.com\/wp-content\/uploads\/2024\/10\/Maternidad-subrogada-150x150.png 150w\" sizes=\"(max-width: 700px) 100vw, 700px\" title=\"\">\t\t\t\t\t\t\t\t\t\t\t\t\t\t\t<\/div>\n\t\t\t\t<\/div>\n\t\t\t\t<\/div>\n\t\t\t\t\t<\/div>\n\t\t\t\t<\/div>\n\t\t<div class=\"elementor-element elementor-element-5e186ba e-flex e-con-boxed e-con e-parent\" data-id=\"5e186ba\" data-element_type=\"container\">\n\t\t\t\t\t<div class=\"e-con-inner\">\n\t\t<div class=\"elementor-element elementor-element-6cde9ea e-con-full e-flex e-con e-child\" data-id=\"6cde9ea\" data-element_type=\"container\">\n\t\t\t\t<div class=\"elementor-element elementor-element-c13542d elementor-widget elementor-widget-image\" data-id=\"c13542d\" data-element_type=\"widget\" data-widget_type=\"image.default\">\n\t\t\t\t<div class=\"elementor-widget-container\">\n\t\t\t\t\t\t\t\t\t\t\t\t\t\t\t<img loading=\"lazy\" decoding=\"async\" width=\"700\" height=\"700\" src=\"https:\/\/medconnectlatam.com\/wp-content\/uploads\/2024\/10\/Donaciondeovulos.png\" class=\"attachment-large size-large wp-image-3922\" alt=\"\" srcset=\"https:\/\/medconnectlatam.com\/wp-content\/uploads\/2024\/10\/Donaciondeovulos.png 700w, https:\/\/medconnectlatam.com\/wp-content\/uploads\/2024\/10\/Donaciondeovulos-300x300.png 300w, https:\/\/medconnectlatam.com\/wp-content\/uploads\/2024\/10\/Donaciondeovulos-150x150.png 150w\" sizes=\"(max-width: 700px) 100vw, 700px\" title=\"\">\t\t\t\t\t\t\t\t\t\t\t\t\t\t\t<\/div>\n\t\t\t\t<\/div>\n\t\t\t\t<\/div>\n\t\t<div class=\"elementor-element elementor-element-557864c e-con-full e-flex e-con e-child\" data-id=\"557864c\" data-element_type=\"container\">\n\t\t\t\t<div class=\"elementor-element elementor-element-a9b7df2 elementor-widget elementor-widget-heading\" data-id=\"a9b7df2\" data-element_type=\"widget\" data-widget_type=\"heading.default\">\n\t\t\t\t<div class=\"elementor-widget-container\">\n\t\t\t\t\t<h2 class=\"elementor-heading-title elementor-size-default\">Donaci\u00f3n de \u00f3vulos<\/h2>\t\t\t\t<\/div>\n\t\t\t\t<\/div>\n\t\t\t\t<div class=\"elementor-element elementor-element-1f0067c elementor-widget elementor-widget-text-editor\" data-id=\"1f0067c\" data-element_type=\"widget\" data-widget_type=\"text-editor.default\">\n\t\t\t\t<div class=\"elementor-widget-container\">\n\t\t\t\t\t\t\t\t\t<p>La donaci\u00f3n de \u00f3vulos es un proceso en el que una mujer dona sus \u00f3vulos para ayudar a otra persona o pareja a concebir. Los \u00f3vulos donados se fecundan mediante t\u00e9cnicas de reproducci\u00f3n asistida, como la fertilizaci\u00f3n in vitro (FIV), y el embri\u00f3n resultante se transfiere al \u00fatero de la receptora. Es una opci\u00f3n com\u00fan para mujeres que no pueden usar sus propios \u00f3vulos por razones m\u00e9dicas.<\/p>\t\t\t\t\t\t\t\t<\/div>\n\t\t\t\t<\/div>\n\t\t\t\t<div class=\"elementor-element elementor-element-51936d5 elementor-widget elementor-widget-button\" data-id=\"51936d5\" data-element_type=\"widget\" data-widget_type=\"button.default\">\n\t\t\t\t<div class=\"elementor-widget-container\">\n\t\t\t\t\t\t\t\t\t<div class=\"elementor-button-wrapper\">\n\t\t\t\t\t<a class=\"elementor-button elementor-button-link elementor-size-sm elementor-animation-grow\" href=\"https:\/\/wa.link\/sqd7fm\" target=\"_blank\" rel=\"noopener\">\n\t\t\t\t\t\t<span class=\"elementor-button-content-wrapper\">\n\t\t\t\t\t\t\t\t\t<span class=\"elementor-button-text\">Agenda una llamada<\/span>\n\t\t\t\t\t<\/span>\n\t\t\t\t\t<\/a>\n\t\t\t\t<\/div>\n\t\t\t\t\t\t\t\t<\/div>\n\t\t\t\t<\/div>\n\t\t\t\t<\/div>\n\t\t\t\t\t<\/div>\n\t\t\t\t<\/div>\n\t\t\t\t<\/div>\n\t\t","protected":false},"excerpt":{"rendered":"<p>Fertilidad MedConnect Latam ofrece servicios de fertilidad como Fertilizaci\u00f3n In Vitro (FIV), inseminaci\u00f3n intrauterina (IUI) y congelaci\u00f3n de \u00f3vulos. Conectamos a los pacientes con m\u00e9dicos especializados en Colombia, coordinamos las citas y nos encargamos de la log\u00edstica completa del viaje, asegurando una experiencia segura y personalizada. Fertilizaci\u00f3n in vitro(IVF) La fertilizaci\u00f3n in vitro (FIV) es &#8230; <a title=\"Procedimientos Fertilidad\" class=\"read-more\" href=\"http:\/\/medconnectlatam.com\/es\/procedimientos-fertilidad\/\" aria-label=\"Read more about Procedimientos Fertilidad\">Leer m\u00e1s<\/a><\/p>\n","protected":false},"author":1,"featured_media":0,"parent":0,"menu_order":0,"comment_status":"closed","ping_status":"closed","template":"elementor_header_footer","meta":{"_monsterinsights_skip_tracking":false,"_monsterinsights_sitenote_active":false,"_monsterinsights_sitenote_note":"","_monsterinsights_sitenote_category":0,"_joinchat":[],"footnotes":""},"class_list":["post-3868","page","type-page","status-publish"],"_links":{"self":[{"href":"http:\/\/medconnectlatam.com\/es\/wp-json\/wp\/v2\/pages\/3868","targetHints":{"allow":["GET"]}}],"collection":[{"href":"http:\/\/medconnectlatam.com\/es\/wp-json\/wp\/v2\/pages"}],"about":[{"href":"http:\/\/medconnectlatam.com\/es\/wp-json\/wp\/v2\/types\/page"}],"author":[{"embeddable":true,"href":"http:\/\/medconnectlatam.com\/es\/wp-json\/wp\/v2\/users\/1"}],"replies":[{"embeddable":true,"href":"http:\/\/medconnectlatam.com\/es\/wp-json\/wp\/v2\/comments?post=3868"}],"version-history":[{"count":44,"href":"http:\/\/medconnectlatam.com\/es\/wp-json\/wp\/v2\/pages\/3868\/revisions"}],"predecessor-version":[{"id":4598,"href":"http:\/\/medconnectlatam.com\/es\/wp-json\/wp\/v2\/pages\/3868\/revisions\/4598"}],"wp:attachment":[{"href":"http:\/\/medconnectlatam.com\/es\/wp-json\/wp\/v2\/media?parent=3868"}],"curies":[{"name":"wp","href":"https:\/\/api.w.org\/{rel}","templated":true}]}}