{"id":4634,"date":"2025-03-15T08:35:06","date_gmt":"2025-03-15T13:35:06","guid":{"rendered":"https:\/\/medconnectlatam.com\/?page_id=4634"},"modified":"2025-03-15T08:58:39","modified_gmt":"2025-03-15T13:58:39","slug":"dental-procedures","status":"publish","type":"page","link":"http:\/\/medconnectlatam.com\/en\/dental-procedures\/","title":{"rendered":"Dental Procedures"},"content":{"rendered":"<div data-elementor-type=\"wp-page\" data-elementor-id=\"4634\" class=\"elementor elementor-4634\" data-elementor-post-type=\"page\">\n\t\t\t\t<div class=\"elementor-element elementor-element-8a96cf4 e-flex e-con-boxed e-con e-parent\" data-id=\"8a96cf4\" data-element_type=\"container\" data-settings=\"{&quot;background_background&quot;:&quot;classic&quot;}\">\n\t\t\t\t\t<div class=\"e-con-inner\">\n\t\t<div class=\"elementor-element elementor-element-db20e4c e-con-full e-flex e-con e-child\" data-id=\"db20e4c\" data-element_type=\"container\">\n\t\t\t\t<div class=\"elementor-element elementor-element-267082b elementor-widget elementor-widget-heading\" data-id=\"267082b\" data-element_type=\"widget\" data-widget_type=\"heading.default\">\n\t\t\t\t<div class=\"elementor-widget-container\">\n\t\t\t\t\t<h1 class=\"elementor-heading-title elementor-size-default\">Dental Procedures<\/h1>\t\t\t\t<\/div>\n\t\t\t\t<\/div>\n\t\t\t\t<div class=\"elementor-element elementor-element-fd6f551 elementor-widget elementor-widget-text-editor\" data-id=\"fd6f551\" data-element_type=\"widget\" data-widget_type=\"text-editor.default\">\n\t\t\t\t<div class=\"elementor-widget-container\">\n\t\t\t\t\t\t\t\t\t<p>Dental treatments in Colombia combine high quality, advanced technology, and affordable prices. Among the most popular are dental implants, porcelain veneers, teeth whitening, smile design, and invisible orthodontics. These procedures allow you to improve the aesthetics and functionality of your smile with personalized care and top-notch specialists. Renew your smile safely and affordably!<\/p>\t\t\t\t\t\t\t\t<\/div>\n\t\t\t\t<\/div>\n\t\t\t\t<\/div>\n\t\t\t\t\t<\/div>\n\t\t\t\t<\/div>\n\t\t<div class=\"elementor-element elementor-element-502383c e-flex e-con-boxed e-con e-parent\" data-id=\"502383c\" data-element_type=\"container\">\n\t\t\t\t\t<div class=\"e-con-inner\">\n\t\t<div class=\"elementor-element elementor-element-9b6e15d e-con-full e-flex e-con e-child\" data-id=\"9b6e15d\" data-element_type=\"container\">\n\t\t\t\t<div class=\"elementor-element elementor-element-ec63d93 elementor-widget elementor-widget-image\" data-id=\"ec63d93\" data-element_type=\"widget\" data-widget_type=\"image.default\">\n\t\t\t\t<div class=\"elementor-widget-container\">\n\t\t\t\t\t\t\t\t\t\t\t\t\t\t\t<img fetchpriority=\"high\" decoding=\"async\" width=\"2000\" height=\"1333\" src=\"https:\/\/medconnectlatam.com\/wp-content\/uploads\/2025\/03\/illustrating-dental-implant-procedure-on-model.jpg\" class=\"attachment-full size-full wp-image-4641\" alt=\"Illustrating Dental Implant Procedure On Model\" srcset=\"https:\/\/medconnectlatam.com\/wp-content\/uploads\/2025\/03\/illustrating-dental-implant-procedure-on-model.jpg.webp 2000w, https:\/\/medconnectlatam.com\/wp-content\/uploads\/2025\/03\/illustrating-dental-implant-procedure-on-model-300x200.jpg.webp 300w, https:\/\/medconnectlatam.com\/wp-content\/uploads\/2025\/03\/illustrating-dental-implant-procedure-on-model-1024x682.jpg.webp 1024w, https:\/\/medconnectlatam.com\/wp-content\/uploads\/2025\/03\/illustrating-dental-implant-procedure-on-model-768x512.jpg.webp 768w, https:\/\/medconnectlatam.com\/wp-content\/uploads\/2025\/03\/illustrating-dental-implant-procedure-on-model-1536x1024.jpg.webp 1536w, https:\/\/medconnectlatam.com\/wp-content\/uploads\/2025\/03\/illustrating-dental-implant-procedure-on-model-18x12.jpg.webp 18w\" sizes=\"(max-width: 2000px) 100vw, 2000px\" title=\"\">\t\t\t\t\t\t\t\t\t\t\t\t\t\t\t<\/div>\n\t\t\t\t<\/div>\n\t\t\t\t<\/div>\n\t\t<div class=\"elementor-element elementor-element-c43ada1 e-con-full e-flex e-con e-child\" data-id=\"c43ada1\" data-element_type=\"container\">\n\t\t\t\t<div class=\"elementor-element elementor-element-afa779a elementor-widget elementor-widget-heading\" data-id=\"afa779a\" data-element_type=\"widget\" data-widget_type=\"heading.default\">\n\t\t\t\t<div class=\"elementor-widget-container\">\n\t\t\t\t\t<h2 class=\"elementor-heading-title elementor-size-default\">Dental implants<\/h2>\t\t\t\t<\/div>\n\t\t\t\t<\/div>\n\t\t\t\t<div class=\"elementor-element elementor-element-462214a elementor-widget elementor-widget-text-editor\" data-id=\"462214a\" data-element_type=\"widget\" data-widget_type=\"text-editor.default\">\n\t\t\t\t<div class=\"elementor-widget-container\">\n\t\t\t\t\t\t\t\t\t<p>The <strong data-start=\"30\" data-end=\"52\">dental implants<\/strong> Dental crowns are the ideal solution for safely and permanently replacing missing teeth. They consist of a titanium screw that integrates with the jawbone, providing a solid foundation for a natural-looking dental crown. In Colombia, this procedure is performed by highly qualified specialists, using advanced technology and at more affordable costs than in the U.S. Recover your smile with confidence and quality!<\/p>\t\t\t\t\t\t\t\t<\/div>\n\t\t\t\t<\/div>\n\t\t\t\t<div class=\"elementor-element elementor-element-2c970ac elementor-hidden-desktop elementor-hidden-tablet elementor-hidden-mobile elementor-widget elementor-widget-button\" data-id=\"2c970ac\" data-element_type=\"widget\" data-widget_type=\"button.default\">\n\t\t\t\t<div class=\"elementor-widget-container\">\n\t\t\t\t\t\t\t\t\t<div class=\"elementor-button-wrapper\">\n\t\t\t\t\t<a class=\"elementor-button elementor-button-link elementor-size-sm elementor-animation-grow\" href=\"https:\/\/medconnectlatam.com\/en\/aesthetic-liposuction-procedures-in-colombia-2024\/\" target=\"_blank\">\n\t\t\t\t\t\t<span class=\"elementor-button-content-wrapper\">\n\t\t\t\t\t\t\t\t\t<span class=\"elementor-button-text\">Learn more<\/span>\n\t\t\t\t\t<\/span>\n\t\t\t\t\t<\/a>\n\t\t\t\t<\/div>\n\t\t\t\t\t\t\t\t<\/div>\n\t\t\t\t<\/div>\n\t\t\t\t<div class=\"elementor-element elementor-element-4241de0 elementor-widget elementor-widget-button\" data-id=\"4241de0\" data-element_type=\"widget\" data-widget_type=\"button.default\">\n\t\t\t\t<div class=\"elementor-widget-container\">\n\t\t\t\t\t\t\t\t\t<div class=\"elementor-button-wrapper\">\n\t\t\t\t\t<a class=\"elementor-button elementor-button-link elementor-size-sm elementor-animation-grow\" href=\"https:\/\/wa.link\/sqd7fm\" target=\"_blank\" rel=\"noopener\">\n\t\t\t\t\t\t<span class=\"elementor-button-content-wrapper\">\n\t\t\t\t\t\t\t\t\t<span class=\"elementor-button-text\">Schedule a call<\/span>\n\t\t\t\t\t<\/span>\n\t\t\t\t\t<\/a>\n\t\t\t\t<\/div>\n\t\t\t\t\t\t\t\t<\/div>\n\t\t\t\t<\/div>\n\t\t\t\t<\/div>\n\t\t\t\t\t<\/div>\n\t\t\t\t<\/div>\n\t\t<div class=\"elementor-element elementor-element-67cb259 e-flex e-con-boxed e-con e-parent\" data-id=\"67cb259\" data-element_type=\"container\">\n\t\t\t\t\t<div class=\"e-con-inner\">\n\t\t<div class=\"elementor-element elementor-element-6d6264f e-con-full e-flex e-con e-child\" data-id=\"6d6264f\" data-element_type=\"container\">\n\t\t\t\t<div class=\"elementor-element elementor-element-7d7862c elementor-widget elementor-widget-heading\" data-id=\"7d7862c\" data-element_type=\"widget\" data-widget_type=\"heading.default\">\n\t\t\t\t<div class=\"elementor-widget-container\">\n\t\t\t\t\t<h2 class=\"elementor-heading-title elementor-size-default\">Dental Veneers<\/h2>\t\t\t\t<\/div>\n\t\t\t\t<\/div>\n\t\t\t\t<div class=\"elementor-element elementor-element-cdea89b elementor-widget elementor-widget-text-editor\" data-id=\"cdea89b\" data-element_type=\"widget\" data-widget_type=\"text-editor.default\">\n\t\t\t\t<div class=\"elementor-widget-container\">\n\t\t\t\t\t\t\t\t\t<p>Dental veneers are thin sheets of porcelain or resin that are bonded to the surface of your teeth to improve their shape, color, and alignment. They are an ideal option for achieving a perfect smile quickly and naturally. In Colombia, this treatment is performed by dental aesthetics specialists using high-quality materials and at more affordable prices than in the US. Transform your smile with dental veneers!\u00a0<\/p>\t\t\t\t\t\t\t\t<\/div>\n\t\t\t\t<\/div>\n\t\t\t\t<div class=\"elementor-element elementor-element-5d36316 elementor-hidden-desktop elementor-hidden-tablet elementor-hidden-mobile elementor-widget elementor-widget-button\" data-id=\"5d36316\" data-element_type=\"widget\" data-widget_type=\"button.default\">\n\t\t\t\t<div class=\"elementor-widget-container\">\n\t\t\t\t\t\t\t\t\t<div class=\"elementor-button-wrapper\">\n\t\t\t\t\t<a class=\"elementor-button elementor-button-link elementor-size-sm elementor-animation-grow\" href=\"https:\/\/medconnectlatam.com\/en\/mommy-makeover-in-colombia-your-way-to-recovery\/\" target=\"_blank\">\n\t\t\t\t\t\t<span class=\"elementor-button-content-wrapper\">\n\t\t\t\t\t\t\t\t\t<span class=\"elementor-button-text\">Learn more<\/span>\n\t\t\t\t\t<\/span>\n\t\t\t\t\t<\/a>\n\t\t\t\t<\/div>\n\t\t\t\t\t\t\t\t<\/div>\n\t\t\t\t<\/div>\n\t\t\t\t<div class=\"elementor-element elementor-element-987fc07 elementor-widget elementor-widget-button\" data-id=\"987fc07\" data-element_type=\"widget\" data-widget_type=\"button.default\">\n\t\t\t\t<div class=\"elementor-widget-container\">\n\t\t\t\t\t\t\t\t\t<div class=\"elementor-button-wrapper\">\n\t\t\t\t\t<a class=\"elementor-button elementor-button-link elementor-size-sm elementor-animation-grow\" href=\"https:\/\/wa.link\/sqd7fm\" target=\"_blank\" rel=\"noopener\">\n\t\t\t\t\t\t<span class=\"elementor-button-content-wrapper\">\n\t\t\t\t\t\t\t\t\t<span class=\"elementor-button-text\">Schedule a call<\/span>\n\t\t\t\t\t<\/span>\n\t\t\t\t\t<\/a>\n\t\t\t\t<\/div>\n\t\t\t\t\t\t\t\t<\/div>\n\t\t\t\t<\/div>\n\t\t\t\t<\/div>\n\t\t<div class=\"elementor-element elementor-element-74316ff e-con-full e-flex e-con e-child\" data-id=\"74316ff\" data-element_type=\"container\">\n\t\t\t\t<div class=\"elementor-element elementor-element-e038b35 elementor-widget elementor-widget-image\" data-id=\"e038b35\" data-element_type=\"widget\" data-widget_type=\"image.default\">\n\t\t\t\t<div class=\"elementor-widget-container\">\n\t\t\t\t\t\t\t\t\t\t\t\t\t\t\t<img decoding=\"async\" width=\"900\" height=\"675\" src=\"https:\/\/medconnectlatam.com\/wp-content\/uploads\/2025\/03\/dentist-picking-sample-of-teeth-veneer-for-woman-1024x768.jpg\" class=\"attachment-large size-large wp-image-4643\" alt=\"Dentist picking sample of teeth veneer for woman\" srcset=\"https:\/\/medconnectlatam.com\/wp-content\/uploads\/2025\/03\/dentist-picking-sample-of-teeth-veneer-for-woman-1024x768.jpg.webp 1024w, https:\/\/medconnectlatam.com\/wp-content\/uploads\/2025\/03\/dentist-picking-sample-of-teeth-veneer-for-woman-300x225.jpg.webp 300w, https:\/\/medconnectlatam.com\/wp-content\/uploads\/2025\/03\/dentist-picking-sample-of-teeth-veneer-for-woman-768x576.jpg.webp 768w, https:\/\/medconnectlatam.com\/wp-content\/uploads\/2025\/03\/dentist-picking-sample-of-teeth-veneer-for-woman-1536x1152.jpg.webp 1536w, https:\/\/medconnectlatam.com\/wp-content\/uploads\/2025\/03\/dentist-picking-sample-of-teeth-veneer-for-woman-16x12.jpg.webp 16w, https:\/\/medconnectlatam.com\/wp-content\/uploads\/2025\/03\/dentist-picking-sample-of-teeth-veneer-for-woman.jpg.webp 2000w\" sizes=\"(max-width: 900px) 100vw, 900px\" title=\"\">\t\t\t\t\t\t\t\t\t\t\t\t\t\t\t<\/div>\n\t\t\t\t<\/div>\n\t\t\t\t<\/div>\n\t\t\t\t\t<\/div>\n\t\t\t\t<\/div>\n\t\t<div class=\"elementor-element elementor-element-61ad105 e-flex e-con-boxed e-con e-parent\" data-id=\"61ad105\" data-element_type=\"container\">\n\t\t\t\t\t<div class=\"e-con-inner\">\n\t\t<div class=\"elementor-element elementor-element-f34d3ff e-con-full e-flex e-con e-child\" data-id=\"f34d3ff\" data-element_type=\"container\">\n\t\t\t\t<div class=\"elementor-element elementor-element-2399d93 elementor-widget elementor-widget-image\" data-id=\"2399d93\" data-element_type=\"widget\" data-widget_type=\"image.default\">\n\t\t\t\t<div class=\"elementor-widget-container\">\n\t\t\t\t\t\t\t\t\t\t\t\t\t\t\t<img decoding=\"async\" width=\"900\" height=\"592\" src=\"https:\/\/medconnectlatam.com\/wp-content\/uploads\/2025\/03\/female-dentist-with-assistant-working-in-dental-clinic-examining-patient-teeth--1024x674.jpg\" class=\"attachment-large size-large wp-image-4644\" alt=\"Female dentist with assistant working in dental clinic examining patient teeth.\" srcset=\"https:\/\/medconnectlatam.com\/wp-content\/uploads\/2025\/03\/female-dentist-with-assistant-working-in-dental-clinic-examining-patient-teeth--1024x674.jpg.webp 1024w, https:\/\/medconnectlatam.com\/wp-content\/uploads\/2025\/03\/female-dentist-with-assistant-working-in-dental-clinic-examining-patient-teeth--300x198.jpg.webp 300w, https:\/\/medconnectlatam.com\/wp-content\/uploads\/2025\/03\/female-dentist-with-assistant-working-in-dental-clinic-examining-patient-teeth--768x506.jpg.webp 768w, https:\/\/medconnectlatam.com\/wp-content\/uploads\/2025\/03\/female-dentist-with-assistant-working-in-dental-clinic-examining-patient-teeth--1536x1011.jpg.webp 1536w, https:\/\/medconnectlatam.com\/wp-content\/uploads\/2025\/03\/female-dentist-with-assistant-working-in-dental-clinic-examining-patient-teeth--18x12.jpg.webp 18w, https:\/\/medconnectlatam.com\/wp-content\/uploads\/2025\/03\/female-dentist-with-assistant-working-in-dental-clinic-examining-patient-teeth-.jpg.webp 2000w\" sizes=\"(max-width: 900px) 100vw, 900px\" title=\"\">\t\t\t\t\t\t\t\t\t\t\t\t\t\t\t<\/div>\n\t\t\t\t<\/div>\n\t\t\t\t<\/div>\n\t\t<div class=\"elementor-element elementor-element-993fdc1 e-con-full e-flex e-con e-child\" data-id=\"993fdc1\" data-element_type=\"container\">\n\t\t\t\t<div class=\"elementor-element elementor-element-065cc4d elementor-widget elementor-widget-heading\" data-id=\"065cc4d\" data-element_type=\"widget\" data-widget_type=\"heading.default\">\n\t\t\t\t<div class=\"elementor-widget-container\">\n\t\t\t\t\t<h2 class=\"elementor-heading-title elementor-size-default\">Teeth Whitening\n<\/h2>\t\t\t\t<\/div>\n\t\t\t\t<\/div>\n\t\t\t\t<div class=\"elementor-element elementor-element-fbdfb8c elementor-widget elementor-widget-text-editor\" data-id=\"fbdfb8c\" data-element_type=\"widget\" data-widget_type=\"text-editor.default\">\n\t\t\t\t<div class=\"elementor-widget-container\">\n\t\t\t\t\t\t\t\t\t<p>Teeth whitening is a cosmetic treatment that lightens the color of teeth, removing stains and restoring a whiter, brighter smile. It can be performed with laser technology or specialized gels, achieving fast and safe results. In Colombia, this procedure is affordable and performed by experts in cosmetic dentistry. Show off a radiant smile with professional teeth whitening!<\/p>\t\t\t\t\t\t\t\t<\/div>\n\t\t\t\t<\/div>\n\t\t\t\t<div class=\"elementor-element elementor-element-a2c86a1 elementor-hidden-desktop elementor-hidden-tablet elementor-hidden-mobile elementor-widget elementor-widget-button\" data-id=\"a2c86a1\" data-element_type=\"widget\" data-widget_type=\"button.default\">\n\t\t\t\t<div class=\"elementor-widget-container\">\n\t\t\t\t\t\t\t\t\t<div class=\"elementor-button-wrapper\">\n\t\t\t\t\t<a class=\"elementor-button elementor-button-link elementor-size-sm elementor-animation-grow\" href=\"https:\/\/medconnectlatam.com\/en\/abdominoplasty-in-colombia-regain-your-figure-and-well-being\/\" target=\"_blank\">\n\t\t\t\t\t\t<span class=\"elementor-button-content-wrapper\">\n\t\t\t\t\t\t\t\t\t<span class=\"elementor-button-text\">Learn more<\/span>\n\t\t\t\t\t<\/span>\n\t\t\t\t\t<\/a>\n\t\t\t\t<\/div>\n\t\t\t\t\t\t\t\t<\/div>\n\t\t\t\t<\/div>\n\t\t\t\t<div class=\"elementor-element elementor-element-fcbe888 elementor-widget elementor-widget-button\" data-id=\"fcbe888\" data-element_type=\"widget\" data-widget_type=\"button.default\">\n\t\t\t\t<div class=\"elementor-widget-container\">\n\t\t\t\t\t\t\t\t\t<div class=\"elementor-button-wrapper\">\n\t\t\t\t\t<a class=\"elementor-button elementor-button-link elementor-size-sm elementor-animation-grow\" href=\"https:\/\/wa.link\/sqd7fm\" target=\"_blank\" rel=\"noopener\">\n\t\t\t\t\t\t<span class=\"elementor-button-content-wrapper\">\n\t\t\t\t\t\t\t\t\t<span class=\"elementor-button-text\">Schedule a call<\/span>\n\t\t\t\t\t<\/span>\n\t\t\t\t\t<\/a>\n\t\t\t\t<\/div>\n\t\t\t\t\t\t\t\t<\/div>\n\t\t\t\t<\/div>\n\t\t\t\t<\/div>\n\t\t\t\t\t<\/div>\n\t\t\t\t<\/div>\n\t\t<div class=\"elementor-element elementor-element-4b95b82 e-flex e-con-boxed e-con e-parent\" data-id=\"4b95b82\" data-element_type=\"container\">\n\t\t\t\t\t<div class=\"e-con-inner\">\n\t\t<div class=\"elementor-element elementor-element-465e985 e-con-full e-flex e-con e-child\" data-id=\"465e985\" data-element_type=\"container\">\n\t\t\t\t<div class=\"elementor-element elementor-element-2cafba4 elementor-widget elementor-widget-heading\" data-id=\"2cafba4\" data-element_type=\"widget\" data-widget_type=\"heading.default\">\n\t\t\t\t<div class=\"elementor-widget-container\">\n\t\t\t\t\t<h2 class=\"elementor-heading-title elementor-size-default\">Smile Design<\/h2>\t\t\t\t<\/div>\n\t\t\t\t<\/div>\n\t\t\t\t<div class=\"elementor-element elementor-element-9f7f4be elementor-widget elementor-widget-text-editor\" data-id=\"9f7f4be\" data-element_type=\"widget\" data-widget_type=\"text-editor.default\">\n\t\t\t\t<div class=\"elementor-widget-container\">\n\t\t\t\t\t\t\t\t\t<p>Smile design is a personalized treatment that improves dental aesthetics through procedures such as veneers, whitening, orthodontics, and implants. Its goal is to harmonize the shape, color, and alignment of teeth to achieve a natural and balanced smile. In Colombia, cosmetic dentistry specialists offer this service with cutting-edge technology and competitive prices. Transform your smile and gain confidence!<\/p>\t\t\t\t\t\t\t\t<\/div>\n\t\t\t\t<\/div>\n\t\t\t\t<div class=\"elementor-element elementor-element-d17358c elementor-hidden-desktop elementor-hidden-tablet elementor-hidden-mobile elementor-widget elementor-widget-button\" data-id=\"d17358c\" data-element_type=\"widget\" data-widget_type=\"button.default\">\n\t\t\t\t<div class=\"elementor-widget-container\">\n\t\t\t\t\t\t\t\t\t<div class=\"elementor-button-wrapper\">\n\t\t\t\t\t<a class=\"elementor-button elementor-button-link elementor-size-sm elementor-animation-grow\" href=\"https:\/\/medconnectlatam.com\/en\/vaginal-reconstruction-everything-you-need-to-know\/\">\n\t\t\t\t\t\t<span class=\"elementor-button-content-wrapper\">\n\t\t\t\t\t\t\t\t\t<span class=\"elementor-button-text\">Learn more<\/span>\n\t\t\t\t\t<\/span>\n\t\t\t\t\t<\/a>\n\t\t\t\t<\/div>\n\t\t\t\t\t\t\t\t<\/div>\n\t\t\t\t<\/div>\n\t\t\t\t<div class=\"elementor-element elementor-element-7ecd6d9 elementor-widget elementor-widget-button\" data-id=\"7ecd6d9\" data-element_type=\"widget\" data-widget_type=\"button.default\">\n\t\t\t\t<div class=\"elementor-widget-container\">\n\t\t\t\t\t\t\t\t\t<div class=\"elementor-button-wrapper\">\n\t\t\t\t\t<a class=\"elementor-button elementor-button-link elementor-size-sm elementor-animation-grow\" href=\"https:\/\/wa.link\/sqd7fm\" target=\"_blank\" rel=\"noopener\">\n\t\t\t\t\t\t<span class=\"elementor-button-content-wrapper\">\n\t\t\t\t\t\t\t\t\t<span class=\"elementor-button-text\">Schedule a call<\/span>\n\t\t\t\t\t<\/span>\n\t\t\t\t\t<\/a>\n\t\t\t\t<\/div>\n\t\t\t\t\t\t\t\t<\/div>\n\t\t\t\t<\/div>\n\t\t\t\t<\/div>\n\t\t<div class=\"elementor-element elementor-element-5f9d342 e-con-full e-flex e-con e-child\" data-id=\"5f9d342\" data-element_type=\"container\">\n\t\t\t\t<div class=\"elementor-element elementor-element-93695c3 elementor-widget elementor-widget-image\" data-id=\"93695c3\" data-element_type=\"widget\" data-widget_type=\"image.default\">\n\t\t\t\t<div class=\"elementor-widget-container\">\n\t\t\t\t\t\t\t\t\t\t\t\t\t\t\t<img loading=\"lazy\" decoding=\"async\" width=\"900\" height=\"536\" src=\"https:\/\/medconnectlatam.com\/wp-content\/uploads\/2025\/03\/close-up-of-smiling-woman-attenting-dental-clinic-1024x610.jpg\" class=\"attachment-large size-large wp-image-4645\" alt=\"Close up of smiling woman attending dental clinic\" srcset=\"https:\/\/medconnectlatam.com\/wp-content\/uploads\/2025\/03\/close-up-of-smiling-woman-attenting-dental-clinic-1024x610.jpg.webp 1024w, https:\/\/medconnectlatam.com\/wp-content\/uploads\/2025\/03\/close-up-of-smiling-woman-attenting-dental-clinic-300x179.jpg.webp 300w, https:\/\/medconnectlatam.com\/wp-content\/uploads\/2025\/03\/close-up-of-smiling-woman-attenting-dental-clinic-768x458.jpg.webp 768w, https:\/\/medconnectlatam.com\/wp-content\/uploads\/2025\/03\/close-up-of-smiling-woman-attenting-dental-clinic-1536x915.jpg.webp 1536w, https:\/\/medconnectlatam.com\/wp-content\/uploads\/2025\/03\/close-up-of-smiling-woman-attenting-dental-clinic-18x12.jpg.webp 18w, https:\/\/medconnectlatam.com\/wp-content\/uploads\/2025\/03\/close-up-of-smiling-woman-attenting-dental-clinic.jpg.webp 2000w\" sizes=\"(max-width: 900px) 100vw, 900px\" title=\"\">\t\t\t\t\t\t\t\t\t\t\t\t\t\t\t<\/div>\n\t\t\t\t<\/div>\n\t\t\t\t<\/div>\n\t\t\t\t\t<\/div>\n\t\t\t\t<\/div>\n\t\t<div class=\"elementor-element elementor-element-b2539ee e-flex e-con-boxed e-con e-parent\" data-id=\"b2539ee\" data-element_type=\"container\">\n\t\t\t\t\t<div class=\"e-con-inner\">\n\t\t<div class=\"elementor-element elementor-element-d09b60a e-con-full e-flex e-con e-child\" data-id=\"d09b60a\" data-element_type=\"container\">\n\t\t\t\t<div class=\"elementor-element elementor-element-414ef87 elementor-widget elementor-widget-image\" data-id=\"414ef87\" data-element_type=\"widget\" data-widget_type=\"image.default\">\n\t\t\t\t<div class=\"elementor-widget-container\">\n\t\t\t\t\t\t\t\t\t\t\t\t\t\t\t<img loading=\"lazy\" decoding=\"async\" width=\"2000\" height=\"1333\" src=\"https:\/\/medconnectlatam.com\/wp-content\/uploads\/2025\/03\/endodontics.jpg\" class=\"attachment-full size-full wp-image-4646\" alt=\"Endodontics\" srcset=\"https:\/\/medconnectlatam.com\/wp-content\/uploads\/2025\/03\/endodontics.jpg.webp 2000w, https:\/\/medconnectlatam.com\/wp-content\/uploads\/2025\/03\/endodontics-300x200.jpg.webp 300w, https:\/\/medconnectlatam.com\/wp-content\/uploads\/2025\/03\/endodontics-1024x682.jpg.webp 1024w, https:\/\/medconnectlatam.com\/wp-content\/uploads\/2025\/03\/endodontics-768x512.jpg.webp 768w, https:\/\/medconnectlatam.com\/wp-content\/uploads\/2025\/03\/endodontics-1536x1024.jpg.webp 1536w, https:\/\/medconnectlatam.com\/wp-content\/uploads\/2025\/03\/endodontics-18x12.jpg.webp 18w\" sizes=\"(max-width: 2000px) 100vw, 2000px\" title=\"\">\t\t\t\t\t\t\t\t\t\t\t\t\t\t\t<\/div>\n\t\t\t\t<\/div>\n\t\t\t\t<\/div>\n\t\t<div class=\"elementor-element elementor-element-8b72abd e-con-full e-flex e-con e-child\" data-id=\"8b72abd\" data-element_type=\"container\">\n\t\t\t\t<div class=\"elementor-element elementor-element-6b5bfe6 elementor-widget elementor-widget-heading\" data-id=\"6b5bfe6\" data-element_type=\"widget\" data-widget_type=\"heading.default\">\n\t\t\t\t<div class=\"elementor-widget-container\">\n\t\t\t\t\t<h2 class=\"elementor-heading-title elementor-size-default\">Endodontics<\/h2>\t\t\t\t<\/div>\n\t\t\t\t<\/div>\n\t\t\t\t<div class=\"elementor-element elementor-element-9e6c3b8 elementor-widget elementor-widget-text-editor\" data-id=\"9e6c3b8\" data-element_type=\"widget\" data-widget_type=\"text-editor.default\">\n\t\t\t\t<div class=\"elementor-widget-container\">\n\t\t\t\t\t\t\t\t\t<p>Endodontics, also known as root canal treatment, is a procedure that eliminates infection inside the tooth, saving it from possible extraction. The damaged pulp is removed, the canal is disinfected, and sealed to prevent future complications. In Colombia, dental specialists perform this treatment with advanced technology at an affordable cost. Restore your tooth&#039;s health and relieve pain with a root canal treatment!<\/p>\t\t\t\t\t\t\t\t<\/div>\n\t\t\t\t<\/div>\n\t\t\t\t<div class=\"elementor-element elementor-element-e116df4 elementor-hidden-desktop elementor-hidden-tablet elementor-hidden-mobile elementor-widget elementor-widget-button\" data-id=\"e116df4\" data-element_type=\"widget\" data-widget_type=\"button.default\">\n\t\t\t\t<div class=\"elementor-widget-container\">\n\t\t\t\t\t\t\t\t\t<div class=\"elementor-button-wrapper\">\n\t\t\t\t\t<a class=\"elementor-button elementor-button-link elementor-size-sm elementor-animation-grow\" href=\"https:\/\/medconnectlatam.com\/en\/buttock-augmentation-in-colombia\/\">\n\t\t\t\t\t\t<span class=\"elementor-button-content-wrapper\">\n\t\t\t\t\t\t\t\t\t<span class=\"elementor-button-text\">Learn more<\/span>\n\t\t\t\t\t<\/span>\n\t\t\t\t\t<\/a>\n\t\t\t\t<\/div>\n\t\t\t\t\t\t\t\t<\/div>\n\t\t\t\t<\/div>\n\t\t\t\t<div class=\"elementor-element elementor-element-156f814 elementor-widget elementor-widget-button\" data-id=\"156f814\" data-element_type=\"widget\" data-widget_type=\"button.default\">\n\t\t\t\t<div class=\"elementor-widget-container\">\n\t\t\t\t\t\t\t\t\t<div class=\"elementor-button-wrapper\">\n\t\t\t\t\t<a class=\"elementor-button elementor-button-link elementor-size-sm elementor-animation-grow\" href=\"https:\/\/wa.link\/sqd7fm\" target=\"_blank\" rel=\"noopener\">\n\t\t\t\t\t\t<span class=\"elementor-button-content-wrapper\">\n\t\t\t\t\t\t\t\t\t<span class=\"elementor-button-text\">Schedule a call<\/span>\n\t\t\t\t\t<\/span>\n\t\t\t\t\t<\/a>\n\t\t\t\t<\/div>\n\t\t\t\t\t\t\t\t<\/div>\n\t\t\t\t<\/div>\n\t\t\t\t<\/div>\n\t\t\t\t\t<\/div>\n\t\t\t\t<\/div>\n\t\t\t\t<\/div>","protected":false},"excerpt":{"rendered":"<p>Procedimientos Dentales Los tratamientos dentales en Colombia combinan alta calidad, tecnolog\u00eda avanzada y precios accesibles. Entre los m\u00e1s populares est\u00e1n los implantes dentales, carillas de porcelana (veneers), blanqueamiento dental, dise\u00f1o de sonrisa y ortodoncia invisible. Estos procedimientos permiten mejorar la est\u00e9tica y funcionalidad de la sonrisa con atenci\u00f3n personalizada y especialistas de primer nivel. \u00a1Renueva &#8230; <a title=\"Dental Procedures\" class=\"read-more\" href=\"http:\/\/medconnectlatam.com\/en\/dental-procedures\/\" aria-label=\"Read more about Procedimientos Dentales\">Read more<\/a><\/p>","protected":false},"author":1,"featured_media":0,"parent":0,"menu_order":0,"comment_status":"closed","ping_status":"closed","template":"elementor_header_footer","meta":{"_monsterinsights_skip_tracking":false,"_monsterinsights_sitenote_active":false,"_monsterinsights_sitenote_note":"","_monsterinsights_sitenote_category":0,"_joinchat":[],"footnotes":""},"class_list":["post-4634","page","type-page","status-publish"],"_links":{"self":[{"href":"http:\/\/medconnectlatam.com\/en\/wp-json\/wp\/v2\/pages\/4634","targetHints":{"allow":["GET"]}}],"collection":[{"href":"http:\/\/medconnectlatam.com\/en\/wp-json\/wp\/v2\/pages"}],"about":[{"href":"http:\/\/medconnectlatam.com\/en\/wp-json\/wp\/v2\/types\/page"}],"author":[{"embeddable":true,"href":"http:\/\/medconnectlatam.com\/en\/wp-json\/wp\/v2\/users\/1"}],"replies":[{"embeddable":true,"href":"http:\/\/medconnectlatam.com\/en\/wp-json\/wp\/v2\/comments?post=4634"}],"version-history":[{"count":10,"href":"http:\/\/medconnectlatam.com\/en\/wp-json\/wp\/v2\/pages\/4634\/revisions"}],"predecessor-version":[{"id":4653,"href":"http:\/\/medconnectlatam.com\/en\/wp-json\/wp\/v2\/pages\/4634\/revisions\/4653"}],"wp:attachment":[{"href":"http:\/\/medconnectlatam.com\/en\/wp-json\/wp\/v2\/media?parent=4634"}],"curies":[{"name":"wp","href":"https:\/\/api.w.org\/{rel}","templated":true}]}}